{"id":21564,"date":"2021-11-18T17:30:53","date_gmt":"2021-11-18T14:30:53","guid":{"rendered":"https:\/\/www.drdemetakpolat.com\/specialist-about-m-d-demet-akpolat\/"},"modified":"2026-02-06T16:41:36","modified_gmt":"2026-02-06T13:41:36","slug":"about-assoc-prof-dr-demet-akpolat","status":"publish","type":"page","link":"https:\/\/drdemetakpolat.com\/en\/about-assoc-prof-dr-demet-akpolat\/","title":{"rendered":"About Assoc. Prof. Dr. Demet Akpolat"},"content":{"rendered":"<p>[vc_section][vc_row full_width=&#8221;stretch_row&#8221; css=&#8221;.vc_custom_1561527731698{padding-bottom: 60px !important;background: #f4f4f4 url(https:\/\/www.drdemetakpolat.com\/wp-content\/uploads\/2019\/06\/pattern-bg.png?id=20191) !important;background-position: 0 0 !important;background-repeat: no-repeat !important;}&#8221; addstyles=&#8221;background-position: right bottom !important;&#8221;][vc_column]<div id=\"1561527488168-efa776f6-f963\" class=\"dt-sc-empty-space\"><\/div>[vc_row_inner equal_height=&#8221;yes&#8221; content_placement=&#8221;middle&#8221;][vc_column_inner el_class=&#8221;rs_col-sm-12 rs_padding_override_default&#8221; width=&#8221;1\/2&#8243; addstyles=&#8221;position: static;&#8221; css=&#8221;.vc_custom_1561619658121{padding-right: 9% !important;}&#8221;]<div class=\"carousel_items custom-advance-image-carousel \" data-delay=\"0\"><div class=\"dt-sc-carousel-wrapper dt_carousel\" data-visible=\"1\" data-scroll=\"1\" data-auto=\"\" data-animation=\"none\">[vc_single_image image=&#8221;21722&#8243; img_size=&#8221;full&#8221; css=&#8221;.vc_custom_1737979537253{margin-top: 1px !important;margin-bottom: 0px !important;}&#8221; el_class=&#8221;custom-img-border&#8221;]<\/div><\/div>[\/vc_column_inner][vc_column_inner el_class=&#8221;rs_col-sm-12&#8243; width=&#8221;1\/2&#8243;]<div id=\"1561534126022-85da88a2-90ca\" class=\"dt-sc-empty-space\"><\/div><div class='dt-sc-title script-with-sub-title  ' data-delay='0'><h6 class='dt-sc-main-heading'>About<\/h6><h3 class='dt-sc-sub-heading'>Assoc. Prof. Dr. Demet Akpolat<\/h3><\/div><div id=\"1561525629022-2e95a9eb-d7a0\" class=\"dt-sc-empty-space\"><\/div>[vc_custom_heading text=&#8221;In 2009, I graduated from Akdeniz University Faculty of Medicine with a degree and received the title of &#8220;Medical Doctor&#8220;. Since that year, the Medical Specialization Examination (TUS) and the state service obligation draw took place in the same week that year, I fulfilled my state service obligation as a general practitioner at Denizli Kale State Hospital for 3 months, even though I had successfully qualified for the Dermatology Specialization at TUS.<\/p>\n<p>Between 2010 and 2014, I completed my dermatology specialization at Ankara Atat\u00fcrk Training and Research Hospital. Between 2014 and 2018, I completed my state service obligation as a dermatology specialist at Beykoz State Hospital and resigned from the state service. Since 2018, I have been serving my clients under the name of Demet Akpolat Office in Ata\u015fehir. I have obtained two national patents in T\u00fcrkiye for the systems\/structures I developed in the field of dermatology. I carried these works into the international process via PCT and, after completing the evaluations, entered the national phase.<br \/>\n(PCT\/TR2025\/050465 &#038; PCT\/TR2025\/050466)&#8221; font_container=&#8221;tag:p|text_align:left&#8221; use_theme_fonts=&#8221;yes&#8221;][\/vc_column_inner][\/vc_row_inner][vc_row_inner equal_height=&#8221;yes&#8221; content_placement=&#8221;middle&#8221;][vc_column_inner el_class=&#8221;rs_col-sm-12&#8243;]<div id=\"1603461834298-268eb1af-9c84\" class=\"dt-sc-empty-space\"><\/div>[vc_custom_heading text=&#8221;As I adopt a holistic approach and the motto of &#8220;Less is More&#8220; in principle, I do not do any practice that does not support basic and unequivocal facts such as anatomy &amp; physics &amp; laws of gravity that will not benefit my clients.<br \/>\n\u201cTrust\u201d is an inseparable part of our profession. Maintaining the trust my patients and advisees have in me will always make me the happiest person in the world.&#8221; font_container=&#8221;tag:p|text_align:left&#8221; use_theme_fonts=&#8221;yes&#8221;]<div id=\"1603462018261-6179d2a3-8a85\" class=\"dt-sc-empty-space\"><\/div>[\/vc_column_inner][\/vc_row_inner]<div class='dt-sc-toggle-frame-set type2  ' data-delay='0'><h5 class='dt-sc-toggle-accordion '><a href='#'>&#8221;Education<\/a><\/h5><div class=\"dt-sc-toggle-content\" style=\"display: none;\"><div class=\"block\">[vc_column_text]<\/p>\n<blockquote>\n<p>2003 \u2013 2009 Akdeniz University Faculty of Medicine<\/p>\n<p>2010 \u2013 2014 Ankara Ataturk Training and Research Hospital<\/p>\n<\/blockquote>\n<p>[\/vc_column_text]<\/div><\/div><h5 class='dt-sc-toggle-accordion '><a href='#'>&#8221;Experience:&#8221;<\/a><\/h5><div class=\"dt-sc-toggle-content\" style=\"display: none;\"><div class=\"block\">[vc_column_text]<\/p>\n<blockquote>\n<p>2009 \u2013 2010 (for 3 months) Denizli Kale State Hospital (Obligatory service)<\/p>\n<p>2014 \u2013 2018 Beykoz State Hospital (Obligatory service)<\/p>\n<p>In 2014, she was successful in the Turkish Dermatology Proficiency Exam and received the Turkish Dermatology Board Certification.<\/p>\n<p>She attended various dermocosmetic courses and workshops and received certificates. She is actively engaged in dermocosmetic applications.<\/p>\n<p>Special interests within the scope of her expertise: Cosmetic dermatology, general dermatology<\/p>\n<\/blockquote>\n<p>[\/vc_column_text]<\/div><\/div><h5 class='dt-sc-toggle-accordion '><a href='#'>&#8221;Congress<\/a><\/h5><div class=\"dt-sc-toggle-content\" style=\"display: none;\"><div class=\"block\">[vc_column_text]<\/p>\n<blockquote>\n<p>1. 26. 26. Ulusal Dermatoloji Kongresi, Antalya, 19-23 October 2016<\/p>\n<p>2. 25th Congress of the European Academy of Dermatology and Venereology, Vienna, Austria, 28 September-2 October 2016<\/p>\n<p>3. 11. 11. Ege Dermatoloji G\u00fcnleri, \u0130zmir, 11-15 May 2016<\/p>\n<p>4. 1th International Dermatology and Cosmetology Congress, \u0130stanbul, 16-20 March 2016<\/p>\n<p>5. VIII. Dermatoloji ve Dermatopatoloji Grubu Sempozyumu, Ankara,12-13 December 2015<\/p>\n<p>6. XXII. XXII. Prof. Dr. A. L\u00fctf\u00fc Tat Sempozyumu, Ankara, 16-20 November 2015<\/p>\n<p>7. 25. 25. Ulusal Dermatoloji Kongresi, Antalya, 21-25 October 2014<\/p>\n<p>8. 5. 5. Dermatoloji K\u0131\u015f Okulu, Antalya, 10-14 December 2013<\/p>\n<p>9. XXI. Prof. Dr. A. L\u00fctf\u00fc Tat Sempozyumu, Ankara, 13-17 November 2013<\/p>\n<p>10. 8. Ege Dermatoloji G\u00fcnleri, \u0130zmir, 8-12 May 2013<\/p>\n<p>11. Dermatoloji Bahar Sempozyumu, Dalaman, 5-8 October 2011<\/p>\n<p>12. 5. 5. Ulusal Pediatrik Dermatoloji G\u00fcnleri, Ku\u015fadas\u0131, 13-16 April 2011<\/p>\n<\/blockquote>\n<p>[\/vc_column_text]<\/div><\/div><h5 class='dt-sc-toggle-accordion '><a href='#'>&#8221;Course<\/a><\/h5><div class=\"dt-sc-toggle-content\" style=\"display: none;\"><div class=\"block\">[vc_column_text]<\/p>\n<blockquote>\n<p>1. 26.Ulusal Dermatoloji Kongresi, Dermatological Surgery Course, Antalya, 19-23 October 2016<\/p>\n<p>2. T\u00fcrk Dermatoloji Derne\u011fi, Dermatoloji Uzmanl\u0131k Sonras\u0131 E\u011fitim Kurulu, Cosmetics Course, Ankara, 23-24 April 2016<\/p>\n<p>3. VIII. Dermatoloji ve Dermatopatoloji Grubu Sempozyumu, Dermal Fillers Course, Ankara,12-13 December 2015<\/p>\n<p>4. VIII. Dermatoloji ve Dermatopatoloji Grubu Sempozyumu, Dermoscopy Crash Course, Ankara,12-13 December 2015<\/p>\n<p>5. 5. A\u2019dan Z\u2019ye Dermokozmetik Uygulamalar Kursu, \u0130stanbul, 3-4 October 2015<\/p>\n<p>6. T\u00fcrk Dermatoloji Derne\u011fi, Dermatoloji Uzmanl\u0131k Sonras\u0131 E\u011fitim Kurulu, All Aspects Hair Course, Ankara, 19-20 September 2015<\/p>\n<p>7. 7. 8. Ege Dermatoloji G\u00fcnleri, Dermoscopy Course, \u0130zmir, 8-12 May 2013<\/p>\n<p>8. Ankara Deri ve Z\u00fchrevi Hastal\u0131klar\u0131 Derne\u011fi, Laser Course, Ankara, 3 April 2011<\/p>\n<\/blockquote>\n<p>[\/vc_column_text]<\/div><\/div><h5 class='dt-sc-toggle-accordion '><a href='#'>&#8221;Occupational<\/a><\/h5><div class=\"dt-sc-toggle-content\" style=\"display: none;\"><div class=\"block\">[vc_column_text]Turkish Medical Association<\/p>\n<p>Turkish Society of Dermatology<\/p>\n<p>Skin and Venereal Diseases Society of Turkey[\/vc_column_text]<\/div><\/div><h5 class='dt-sc-toggle-accordion '><a href='#'>&#8221;Publications:&#8221;<\/a><\/h5><div class=\"dt-sc-toggle-content\" style=\"display: none;\"><div class=\"block\">[vc_column_text]<\/p>\n<blockquote>\n<p>Articles published in journals with international arbitrators:<\/p>\n<p>A1. Pili annulati with fragility: Electron microskobic findings of a case. Int J Tric. 2012<\/p>\n<p>A2. Focal epitheial hyperplasia associated with human papillomavirus 13 and common human leukocyte antigen alleles in a Turkish familiy. Int J Dermatol. 2014.<\/p>\n<p>A3. Senile-onset ochronosis. Letter. Indian Journal of Venerology, Leprology and Dermatolgy. 2016.<\/p>\n<p>A4. Periungual eccrine poroma masquerading as ingrown toenails: a case report with dermoscopical findings. JAPMA, 2016.<\/p>\n<p>Papers presented at international scientific meetings and published in the proceedings book<\/p>\n<p>B1. A pregnant case of disseminated and recurrent infundibulufolliculitis. EADV congress, poster presentation, 2012<\/p>\n<p>B2. Amicrobial pustulosis of the folds affcting an old man with hyperimmunglobulinemi. 22. EADV Congress, poster. 2013<\/p>\n<p>B3. Ultrasonography in the diagnosis of retronychia: a case report. 24.EADV Congress, poster presentation, 2015.<\/p>\n<p>Articles published in journals with national arbitrators:<\/p>\n<p>C1. T\u0131rnak batmas\u0131 tedavisinde Winograd y\u00f6ntemi ve sodyum hidroksit ile yap\u0131lan kimyasal koterizasyonun kar\u015f\u0131la\u015ft\u0131r\u0131lmas\u0131. TURKDERM, 2015. TURKDERM, 2015.<\/p>\n<p>C2. Akkiz akuajenik akrokeratoderma: Vaka serisi. TURKDERM, 2015.<\/p>\n<p>C3. Local hypertrichosis: a rare complication of a temporary henna tattoo. Case report. The Turkish Journal of Pediatrics. 2016.<\/p>\n<p>C4. Nail changes secondary to hand-foot-mouth disease. Original article. The Turkish Journal of Pediatrics. 2016<\/p>\n<p>C5. Could Mean Platelet Volume Be Used as A Marker for Activity and Severity Index of Alopecia Areata? Original Article. The Turkish Journal of Pediatrics. 2017.<\/p>\n<p>C6. Complications of laser systems used in pigmentation treatments. Turkiye Klinikleri J Cosm Dermatol-Special Topics. 2017<\/p>\n<p>Papers presented at national scientific meetings and published in the proceedings book:<\/p>\n<p>D1. G\u00f6vde ve ekstremitelerde pruritik pap\u00fcller. Prof Dr. At\u0131f Ta\u015fp\u0131nar Dermatoloji G\u00fcnleri, s\u00f6zl\u00fc sunum, 2012<\/p>\n<p>D2. Sol el parmaklar\u0131n k\u0131salmas\u0131yla seyreden akroosteoliz. Prof Dr. At\u0131f Ta\u015fp\u0131nar Dermatoloji G\u00fcnleri, s\u00f6zl\u00fc sunum, 2012<\/p>\n<p>D3. Multiple alopesik odaklar\u0131 olan bir aplazia kutis konjenita olgusu. XXV. Ulusal Dermatoloji Kongresi, poster sunumu, 2014<\/p>\n<p>D4. Penil intraepidermal neoplazi: Olgu sunumu. XXII. Prof. Dr. A. Lutfu Tat Sempozyumu, poster, 2015.<\/p>\n<p>D5. Tirnak batmasini taklit eden periungal ekrin poroma: Dermoskopik bulgulari ile bir olgu sunumu. XXII. Prof. Dr. A. Lutfu Tat Sempozyumu, poster, 2015.<\/p>\n<p>D6. Androgenetik alopesili erkek hastalarda yeni topikal redensyl, capixyl ve procapil kombinasyonu ile minoksidil aras\u0131nda etkinlik ve g\u00fcvenilirli\u011fin de\u011ferlendirilmesi. 26. Ulusal Dermatoloji Kongeresi, poster sunumu, 2016.<\/p>\n<p>D7. Anjio\u00f6demi taklit eden Metisiline diren\u00e7li Stafilococcus arerius\u2019 a ba\u011fl\u0131 dudak apsesi. 26. Ulusal Dermatoloji Kongresi, Poster Presentation, 2016<\/p>\n<\/blockquote>\n<p>[\/vc_column_text]<\/div><\/div><h5 class='dt-sc-toggle-accordion '><a href='#'>&#8221;Patents:&#8221;<\/a><\/h5><div class=\"dt-sc-toggle-content\" style=\"display: none;\"><div class=\"block\">[vc_single_image image=&#8221;21812&#8243; img_size=&#8221;medium&#8221; onclick=&#8221;img_link_large&#8221; img_link_target=&#8221;_blank&#8221;][vc_single_image image=&#8221;21809&#8243; img_size=&#8221;medium&#8221; onclick=&#8221;img_link_large&#8221; img_link_target=&#8221;_blank&#8221;]<\/div><\/div><\/div>[\/vc_column][\/vc_row][\/vc_section]<\/p>\n","protected":false},"excerpt":{"rendered":"<p>[vc_section][vc_row full_width=&#8221;stretch_row&#8221; css=&#8221;.vc_custom_1561527731698{padding-bottom: 60px !important;background: #f4f4f4 url(https:\/\/www.drdemetakpolat.com\/wp-content\/uploads\/2019\/06\/pattern-bg.png?id=20191) !important;background-position: 0 0 !important;background-repeat: no-repeat !important;}&#8221; addstyles=&#8221;background-position: right bottom !important;&#8221;][vc_column][vc_row_inner equal_height=&#8221;yes&#8221; content_placement=&#8221;middle&#8221;][vc_column_inner el_class=&#8221;rs_col-sm-12 rs_padding_override_default&#8221; width=&#8221;1\/2&#8243; addstyles=&#8221;position: static;&#8221; css=&#8221;.vc_custom_1561619658121{padding-right: 9% !important;}&#8221;][\/vc_column_inner][vc_column_inner el_class=&#8221;rs_col-sm-12&#8243; width=&#8221;1\/2&#8243;][vc_custom_heading text=&#8221;In 2009, I graduated from Akdeniz University Faculty of Medicine with a degree and received the title of &#8220;Medical Doctor&#8220;. Since that year, the Medical Specialization [&hellip;]<\/p>\n","protected":false},"author":3,"featured_media":0,"parent":0,"menu_order":0,"comment_status":"closed","ping_status":"closed","template":"","meta":{"footnotes":""},"class_list":["post-21564","page","type-page","status-publish","hentry"],"_links":{"self":[{"href":"https:\/\/drdemetakpolat.com\/en\/wp-json\/wp\/v2\/pages\/21564","targetHints":{"allow":["GET"]}}],"collection":[{"href":"https:\/\/drdemetakpolat.com\/en\/wp-json\/wp\/v2\/pages"}],"about":[{"href":"https:\/\/drdemetakpolat.com\/en\/wp-json\/wp\/v2\/types\/page"}],"author":[{"embeddable":true,"href":"https:\/\/drdemetakpolat.com\/en\/wp-json\/wp\/v2\/users\/3"}],"replies":[{"embeddable":true,"href":"https:\/\/drdemetakpolat.com\/en\/wp-json\/wp\/v2\/comments?post=21564"}],"version-history":[{"count":17,"href":"https:\/\/drdemetakpolat.com\/en\/wp-json\/wp\/v2\/pages\/21564\/revisions"}],"predecessor-version":[{"id":21828,"href":"https:\/\/drdemetakpolat.com\/en\/wp-json\/wp\/v2\/pages\/21564\/revisions\/21828"}],"wp:attachment":[{"href":"https:\/\/drdemetakpolat.com\/en\/wp-json\/wp\/v2\/media?parent=21564"}],"curies":[{"name":"wp","href":"https:\/\/api.w.org\/{rel}","templated":true}]}}